{"id":3000,"date":"2022-03-08T09:33:23","date_gmt":"2022-03-08T09:33:23","guid":{"rendered":"https:\/\/mycota.ch\/?page_id=3000"},"modified":"2024-10-09T11:11:12","modified_gmt":"2024-10-09T11:11:12","slug":"kontakt","status":"publish","type":"page","link":"https:\/\/mycota.ch\/?page_id=3000","title":{"rendered":"Kontakt"},"content":{"rendered":"\t\t<div data-elementor-type=\"wp-page\" data-elementor-id=\"3000\" class=\"elementor elementor-3000\" data-elementor-post-type=\"page\">\n\t\t\t\t\t\t<section class=\"elementor-section elementor-top-section elementor-element elementor-element-be952a8 elementor-section-boxed elementor-section-height-default elementor-section-height-default\" data-id=\"be952a8\" data-element_type=\"section\" data-e-type=\"section\">\n\t\t\t\t\t\t<div class=\"elementor-container elementor-column-gap-default\">\n\t\t\t\t\t<div class=\"elementor-column elementor-col-100 elementor-top-column elementor-element elementor-element-6261762\" data-id=\"6261762\" data-element_type=\"column\" data-e-type=\"column\">\n\t\t\t<div class=\"elementor-widget-wrap elementor-element-populated\">\n\t\t\t\t\t\t<div class=\"elementor-element elementor-element-f876061 elementor-widget elementor-widget-spacer\" data-id=\"f876061\" data-element_type=\"widget\" data-e-type=\"widget\" data-widget_type=\"spacer.default\">\n\t\t\t\t<div class=\"elementor-widget-container\">\n\t\t\t\t\t\t\t<div class=\"elementor-spacer\">\n\t\t\t<div class=\"elementor-spacer-inner\"><\/div>\n\t\t<\/div>\n\t\t\t\t\t\t<\/div>\n\t\t\t\t<\/div>\n\t\t\t\t<div class=\"elementor-element elementor-element-e0cc11d elementor-widget elementor-widget-text-editor\" data-id=\"e0cc11d\" data-element_type=\"widget\" data-e-type=\"widget\" data-widget_type=\"text-editor.default\">\n\t\t\t\t<div class=\"elementor-widget-container\">\n\t\t\t\t\t\t\t\t\t<h1 class=\"elementor-heading-title elementor-size-default elementor-inline-editing pen\" style=\"font-family: Questrial, sans-serif; line-height: 58px; font-size: 54px; text-transform: uppercase; letter-spacing: 1.42px;\" data-elementor-setting-key=\"title\" data-pen-placeholder=\"Eingabe hier...\">Sie m\u00f6chten mit mir Kontakt aufnehmen f\u00fcr eine Exkursion?<\/h1>\t\t\t\t\t\t\t\t<\/div>\n\t\t\t\t<\/div>\n\t\t\t\t<div class=\"elementor-element elementor-element-7577f77 elementor-widget elementor-widget-spacer\" data-id=\"7577f77\" data-element_type=\"widget\" data-e-type=\"widget\" data-widget_type=\"spacer.default\">\n\t\t\t\t<div class=\"elementor-widget-container\">\n\t\t\t\t\t\t\t<div class=\"elementor-spacer\">\n\t\t\t<div class=\"elementor-spacer-inner\"><\/div>\n\t\t<\/div>\n\t\t\t\t\t\t<\/div>\n\t\t\t\t<\/div>\n\t\t\t\t\t<\/div>\n\t\t<\/div>\n\t\t\t\t\t<\/div>\n\t\t<\/section>\n\t\t\t\t<section class=\"elementor-section elementor-top-section elementor-element elementor-element-9215851 elementor-section-boxed elementor-section-height-default elementor-section-height-default\" data-id=\"9215851\" data-element_type=\"section\" data-e-type=\"section\">\n\t\t\t\t\t\t<div class=\"elementor-container elementor-column-gap-default\">\n\t\t\t\t\t<div class=\"elementor-column elementor-col-50 elementor-top-column elementor-element elementor-element-1226649\" data-id=\"1226649\" data-element_type=\"column\" data-e-type=\"column\">\n\t\t\t<div class=\"elementor-widget-wrap elementor-element-populated\">\n\t\t\t\t\t\t<div class=\"elementor-element elementor-element-e2f7855 elementor-widget elementor-widget-image\" data-id=\"e2f7855\" data-element_type=\"widget\" data-e-type=\"widget\" data-widget_type=\"image.default\">\n\t\t\t\t<div class=\"elementor-widget-container\">\n\t\t\t\t\t\t\t\t\t\t\t\t\t\t\t<img decoding=\"async\" src=\"https:\/\/mycota.ch\/wp-content\/uploads\/elementor\/thumbs\/IMG_20211229_140422_317-rotated-prgyiq2by9xl8w9iwvrn9xh9tih4v1bmsy9ehpq9ss.jpg\" title=\"IMG_20211229_140422_317\" alt=\"IMG_20211229_140422_317\" loading=\"lazy\" \/>\t\t\t\t\t\t\t\t\t\t\t\t\t\t\t<\/div>\n\t\t\t\t<\/div>\n\t\t\t\t\t<\/div>\n\t\t<\/div>\n\t\t\t\t<div class=\"elementor-column elementor-col-50 elementor-top-column elementor-element elementor-element-80657be\" data-id=\"80657be\" data-element_type=\"column\" data-e-type=\"column\" data-settings=\"{&quot;background_background&quot;:&quot;classic&quot;}\">\n\t\t\t<div class=\"elementor-widget-wrap elementor-element-populated\">\n\t\t\t\t\t<div class=\"elementor-background-overlay\"><\/div>\n\t\t\t\t\t\t<div class=\"elementor-element elementor-element-698cb5e8 elementor-widget elementor-widget-text-editor\" data-id=\"698cb5e8\" data-element_type=\"widget\" data-e-type=\"widget\" data-widget_type=\"text-editor.default\">\n\t\t\t\t<div class=\"elementor-widget-container\">\n\t\t\t\t\t\t\t\t\t<p>Sie k\u00f6nnen mich gerne direkt per Mail anschreiben auf <u>info@mycota.ch<\/u> oder anrufen auf der Nummer <u>0794869143<\/u>.<\/p><p>Grunds\u00e4tzlich k\u00f6nnen Exkursionen jeden Tag durchgef\u00fchrt werden, Vormittags oder Nachmittags. Teilnehmer:innen sind 4-8 Personen. Gruppen k\u00f6nnen auch zusammengesetzt werden.<\/p><p>Der Preis pro Person ist 80.-<\/p><p>\u00a0<\/p><p>Ich freue mich auf eine Kontaktaufnahme um alles weitere zu besprechen.<\/p><p>Laurin Holzapfel<\/p>\t\t\t\t\t\t\t\t<\/div>\n\t\t\t\t<\/div>\n\t\t\t\t\t<\/div>\n\t\t<\/div>\n\t\t\t\t\t<\/div>\n\t\t<\/section>\n\t\t\t\t<\/div>\n\t\t","protected":false},"excerpt":{"rendered":"<p>Sie m\u00f6chten mit mir Kontakt aufnehmen f\u00fcr eine Exkursion? Sie k\u00f6nnen mich gerne direkt per Mail anschreiben auf info@mycota.ch oder anrufen auf der Nummer 0794869143. Grunds\u00e4tzlich k\u00f6nnen Exkursionen jeden Tag durchgef\u00fchrt werden, Vormittags oder Nachmittags. Teilnehmer:innen sind 4-8 Personen. Gruppen k\u00f6nnen auch zusammengesetzt werden. Der Preis pro Person ist 80.- \u00a0 Ich freue mich auf [&hellip;]<\/p>\n","protected":false},"author":1,"featured_media":0,"parent":0,"menu_order":0,"comment_status":"closed","ping_status":"closed","template":"elementor_header_footer","meta":{"footnotes":""},"class_list":["post-3000","page","type-page","status-publish","hentry"],"_links":{"self":[{"href":"https:\/\/mycota.ch\/index.php?rest_route=\/wp\/v2\/pages\/3000","targetHints":{"allow":["GET"]}}],"collection":[{"href":"https:\/\/mycota.ch\/index.php?rest_route=\/wp\/v2\/pages"}],"about":[{"href":"https:\/\/mycota.ch\/index.php?rest_route=\/wp\/v2\/types\/page"}],"author":[{"embeddable":true,"href":"https:\/\/mycota.ch\/index.php?rest_route=\/wp\/v2\/users\/1"}],"replies":[{"embeddable":true,"href":"https:\/\/mycota.ch\/index.php?rest_route=%2Fwp%2Fv2%2Fcomments&post=3000"}],"version-history":[{"count":30,"href":"https:\/\/mycota.ch\/index.php?rest_route=\/wp\/v2\/pages\/3000\/revisions"}],"predecessor-version":[{"id":3463,"href":"https:\/\/mycota.ch\/index.php?rest_route=\/wp\/v2\/pages\/3000\/revisions\/3463"}],"wp:attachment":[{"href":"https:\/\/mycota.ch\/index.php?rest_route=%2Fwp%2Fv2%2Fmedia&parent=3000"}],"curies":[{"name":"wp","href":"https:\/\/api.w.org\/{rel}","templated":true}]}}